{"id":24,"date":"2025-12-22T03:38:07","date_gmt":"2025-12-22T03:38:07","guid":{"rendered":"https:\/\/ps99.dev\/?page_id=24"},"modified":"2025-12-25T08:04:13","modified_gmt":"2025-12-25T08:04:13","slug":"trang-chu","status":"publish","type":"page","link":"https:\/\/ps99.dev\/","title":{"rendered":"Trang ch\u1ee7"},"content":{"rendered":"<div class=\"slider-wrapper relative\" id=\"slider-1535028450\" >\n    <div class=\"slider slider-nav-circle slider-nav-large slider-nav-light slider-style-normal\"\n        data-flickity-options='{\n            \"cellAlign\": \"center\",\n            \"imagesLoaded\": true,\n            \"lazyLoad\": 1,\n            \"freeScroll\": false,\n            \"wrapAround\": true,\n            \"autoPlay\": 1500,\n            \"pauseAutoPlayOnHover\" : true,\n            \"prevNextButtons\": true,\n            \"contain\" : true,\n            \"adaptiveHeight\" : true,\n            \"dragThreshold\" : 10,\n            \"percentPosition\": true,\n            \"pageDots\": true,\n            \"rightToLeft\": false,\n            \"draggable\": true,\n            \"selectedAttraction\": 0.1,\n            \"parallax\" : 0,\n            \"friction\": 0.6        }'\n        >\n        \n\t<div class=\"img has-hover x md-x lg-x y md-y lg-y\" id=\"image_1809355553\">\n\t\t<a class=\"\" href=\"https:\/\/ps99.dev\/qc\/1\" target=\"_blank\" rel=\"noopener\" >\t\t\t\t\t\t<div class=\"img-inner dark\" >\n\t\t\t<img loading=\"lazy\" decoding=\"async\" width=\"1920\" height=\"600\" src=\"https:\/\/ps99.dev\/wp-content\/uploads\/2025\/12\/ps99-gt.webp\" class=\"attachment-original size-original\" alt=\"ps99\" srcset=\"https:\/\/ps99.dev\/wp-content\/uploads\/2025\/12\/ps99-gt.webp 1920w, https:\/\/ps99.dev\/wp-content\/uploads\/2025\/12\/ps99-gt-300x94.webp 300w, https:\/\/ps99.dev\/wp-content\/uploads\/2025\/12\/ps99-gt-1024x320.webp 1024w, https:\/\/ps99.dev\/wp-content\/uploads\/2025\/12\/ps99-gt-768x240.webp 768w, https:\/\/ps99.dev\/wp-content\/uploads\/2025\/12\/ps99-gt-1536x480.webp 1536w\" sizes=\"auto, (max-width: 1920px) 100vw, 1920px\" \/>\t\t\t\t\t\t\n\t\t\t\t\t<\/div>\n\t\t\t\t\t\t<\/a>\t\t\n<style>\n#image_1809355553 {\n  width: 100%;\n}\n<\/style>\n\t<\/div>\n\t\n\t<div class=\"img has-hover x md-x lg-x y md-y lg-y\" id=\"image_1502627694\">\n\t\t<a class=\"\" href=\"https:\/\/ps99.dev\/qc\/1\" target=\"_blank\" rel=\"noopener\" >\t\t\t\t\t\t<div class=\"img-inner dark\" >\n\t\t\t<img loading=\"lazy\" decoding=\"async\" width=\"1920\" height=\"600\" src=\"https:\/\/ps99.dev\/wp-content\/uploads\/2025\/12\/ps99-tt.webp\" class=\"attachment-original size-original\" alt=\"ps99\" srcset=\"https:\/\/ps99.dev\/wp-content\/uploads\/2025\/12\/ps99-tt.webp 1920w, https:\/\/ps99.dev\/wp-content\/uploads\/2025\/12\/ps99-tt-300x94.webp 300w, https:\/\/ps99.dev\/wp-content\/uploads\/2025\/12\/ps99-tt-1024x320.webp 1024w, https:\/\/ps99.dev\/wp-content\/uploads\/2025\/12\/ps99-tt-768x240.webp 768w, https:\/\/ps99.dev\/wp-content\/uploads\/2025\/12\/ps99-tt-1536x480.webp 1536w\" sizes=\"auto, (max-width: 1920px) 100vw, 1920px\" \/>\t\t\t\t\t\t\n\t\t\t\t\t<\/div>\n\t\t\t\t\t\t<\/a>\t\t\n<style>\n#image_1502627694 {\n  width: 100%;\n}\n<\/style>\n\t<\/div>\n\t\n\t<div class=\"img has-hover x md-x lg-x y md-y lg-y\" id=\"image_895143406\">\n\t\t<a class=\"\" href=\"https:\/\/ps99.dev\/qc\/1\" target=\"_blank\" rel=\"noopener\" >\t\t\t\t\t\t<div class=\"img-inner dark\" >\n\t\t\t<img loading=\"lazy\" decoding=\"async\" width=\"1920\" height=\"600\" src=\"https:\/\/ps99.dev\/wp-content\/uploads\/2025\/12\/ps99-nap.webp\" class=\"attachment-original size-original\" alt=\"\" srcset=\"https:\/\/ps99.dev\/wp-content\/uploads\/2025\/12\/ps99-nap.webp 1920w, https:\/\/ps99.dev\/wp-content\/uploads\/2025\/12\/ps99-nap-300x94.webp 300w, https:\/\/ps99.dev\/wp-content\/uploads\/2025\/12\/ps99-nap-1024x320.webp 1024w, https:\/\/ps99.dev\/wp-content\/uploads\/2025\/12\/ps99-nap-768x240.webp 768w, https:\/\/ps99.dev\/wp-content\/uploads\/2025\/12\/ps99-nap-1536x480.webp 1536w\" sizes=\"auto, (max-width: 1920px) 100vw, 1920px\" \/>\t\t\t\t\t\t\n\t\t\t\t\t<\/div>\n\t\t\t\t\t\t<\/a>\t\t\n<style>\n#image_895143406 {\n  width: 100%;\n}\n<\/style>\n\t<\/div>\n\t\n     <\/div>\n\n     <div class=\"loading-spin dark large centered\"><\/div>\n\n\t<\/div>\n\n\n\t<div id=\"gap-1989757286\" class=\"gap-element clearfix\" style=\"display:block; height:auto;\">\n\t\t\n<style>\n#gap-1989757286 {\n  padding-top: 30px;\n}\n<\/style>\n\t<\/div>\n\t\n\t<div id=\"text-1049180944\" class=\"text\">\n\t\t\n<h1 class=\"ng-star-inserted\" style=\"text-align: center;\"><span style=\"font-family: verdana, geneva, sans-serif; color: #00aae7;\"><strong><span style=\"color: #00aae7;\"><a style=\"color: #00aae7;\" href=\"https:\/\/okvipau.com\/\" target=\"_blank\" rel=\"noopener\">PS99<\/a> <\/span><span style=\"font-size: 24.624px;\">| <\/span><\/strong><strong style=\"font-size: 25.92px;\">Trang Ch\u1ee7 Nh\u00e0 C\u00e1i PS99.COM | Tham Gia PS99 +69K Free<\/strong><\/span><\/h1>\n\t\t\n<style>\n#text-1049180944 {\n  color: rgb(0,0,0);\n}\n#text-1049180944 > * {\n  color: rgb(0,0,0);\n}\n<\/style>\n\t<\/div>\n\t\n<div class=\"row\"  id=\"row-188136795\">\n\n\t<div id=\"col-2091264155\" class=\"col medium-6 small-12 large-6\"  >\n\t\t\t\t<div class=\"col-inner\"  >\n\t\t\t\n\t\t\t\n\t<div id=\"gap-474907994\" class=\"gap-element clearfix\" style=\"display:block; height:auto;\">\n\t\t\n<style>\n#gap-474907994 {\n  padding-top: 60px;\n}\n<\/style>\n\t<\/div>\n\t\n\t<div id=\"text-1906321806\" class=\"text\">\n\t\t\n<blockquote><p><span style=\"font-family: verdana, geneva, sans-serif;\"><span style=\"color: #00aae7;\"><strong>PS99<\/strong><\/span> l\u00e0 th\u01b0\u01a1ng hi\u1ec7u gi\u1ea3i tr\u00ed tr\u1ef1c tuy\u1ebfn uy t\u00edn, \u0111\u01b0\u1ee3c \u0111\u00f4ng \u0111\u1ea3o ng\u01b0\u1eddi ch\u01a1i tin t\u01b0\u1edfng nh\u1edd s\u1ef1 \u0111a d\u1ea1ng s\u1ea3n ph\u1ea9m v\u00e0 d\u1ecbch v\u1ee5 chuy\u00ean nghi\u1ec7p. V\u1edbi c\u00f4ng ngh\u1ec7 hi\u1ec7n \u0111\u1ea1i, giao di\u1ec7n th\u00e2n thi\u1ec7n v\u00e0 t\u1ed1c \u0111\u1ed9 x\u1eed l\u00fd m\u01b0\u1ee3t m\u00e0, n\u1ec1n t\u1ea3ng \u0111\u00e3 mang \u0111\u1ebfn tr\u1ea3i nghi\u1ec7m gi\u1ea3i tr\u00ed \u0111\u1ec9nh cao. B\u00ean c\u1ea1nh \u0111\u00f3, h\u00e0ng lo\u1ea1t ch\u01b0\u01a1ng tr\u00ecnh khuy\u1ebfn m\u00e3i gi\u00e1 tr\u1ecb gi\u00fap ng\u01b0\u1eddi ch\u01a1i v\u1eeba th\u01b0 gi\u00e3n v\u1eeba c\u00f3 c\u01a1 h\u1ed9i gia t\u0103ng l\u1ee3i nhu\u1eadn.<\/span><\/p>\n<p>Link truy c\u1eadp nh\u00e0 c\u00e1i ch\u00ednh th\u1ee9c:<span style=\"color: #00aae7;\"><strong> <a style=\"color: #00aae7;\" href=\"https:\/\/ps99.dev\/\" target=\"_blank\" rel=\"noopener\">https:\/\/ps99.dev\/<\/a><\/strong><\/span><\/p><\/blockquote>\n\t\t\n<style>\n#text-1906321806 {\n  font-size: 0.95rem;\n  color: rgb(0,0,0);\n}\n#text-1906321806 > * {\n  color: rgb(0,0,0);\n}\n<\/style>\n\t<\/div>\n\t\n<div class=\"row\"  id=\"row-207450148\">\n\n\t<div id=\"col-1306612508\" class=\"col medium-6 small-12 large-6\"  >\n\t\t\t\t<div class=\"col-inner text-center\"  >\n\t\t\t\n\t\t\t\n<a href=\"https:\/\/ps99.dev\/qc\/1\" target=\"_blank\" class=\"button primary button22\" rel=\"noopener\" style=\"border-radius:99px;\">\n\t\t<span>T\u1ea3i app ps99<\/span>\n\t<\/a>\n\n\t\t<\/div>\n\t\t\t\t\t<\/div>\n\n\t\n\n\t<div id=\"col-729204388\" class=\"col medium-6 small-12 large-6\"  >\n\t\t\t\t<div class=\"col-inner text-center\"  >\n\t\t\t\n\t\t\t\n<a href=\"https:\/\/ps99.dev\/qc\/1\" target=\"_blank\" class=\"button primary button22\" rel=\"noopener\" style=\"border-radius:99px;\">\n\t\t<span>Nh\u1eadn code<\/span>\n\t<\/a>\n\n\t\t<\/div>\n\t\t\t\t\t<\/div>\n\n\t\n<\/div>\n\t\t<\/div>\n\t\t\t\t\t<\/div>\n\n\t\n\n\t<div id=\"col-1835697272\" class=\"col medium-6 small-12 large-6\"  >\n\t\t\t\t<div class=\"col-inner\"  >\n\t\t\t\n\t\t\t\n\t<div class=\"img has-hover x md-x lg-x y md-y lg-y\" id=\"image_1050506346\">\n\t\t\t\t\t\t\t\t<div class=\"img-inner dark\" >\n\t\t\t<img loading=\"lazy\" decoding=\"async\" width=\"447\" height=\"430\" src=\"https:\/\/ps99.dev\/wp-content\/uploads\/2025\/12\/ps99-LOGO-2.png\" class=\"attachment-original size-original\" alt=\"ps99\" srcset=\"https:\/\/ps99.dev\/wp-content\/uploads\/2025\/12\/ps99-LOGO-2.png 447w, https:\/\/ps99.dev\/wp-content\/uploads\/2025\/12\/ps99-LOGO-2-300x289.png 300w\" sizes=\"auto, (max-width: 447px) 100vw, 447px\" \/>\t\t\t\t\t\t\n\t\t\t\t\t<\/div>\n\t\t\t\t\t\t\t\t\n<style>\n#image_1050506346 {\n  width: 100%;\n}\n<\/style>\n\t<\/div>\n\t\n\t\t<\/div>\n\t\t\t\t\t<\/div>\n\n\t\n<\/div>\n<div class=\"row\"  id=\"row-275614970\">\n\n\t<div id=\"col-857414789\" class=\"col small-12 large-12\"  >\n\t\t\t\t<div class=\"col-inner\"  >\n\t\t\t\n\t\t\t\n\t<div id=\"text-3860949433\" class=\"text\">\n\t\t\n<h2><span style=\"font-family: verdana, geneva, sans-serif; color: #00aae7;\"><b>T\u1ed5ng h\u1ee3p nh\u1eefng \u01b0u \u0111i\u1ec3m n\u1ed5i b\u1eadt<\/b><\/span><\/h2>\n<p><span style=\"font-family: verdana, geneva, sans-serif;\">PS99 lu\u00f4n l\u1eafng nghe v\u00e0 bi\u1ebft c\u00e1ch l\u00e0m kh\u00e1ch h\u00e0ng h\u00e0i l\u00f2ng b\u1edfi nh\u01b0ng \u01b0u \u0111i\u1ec3m khi\u1ebfn \u0111\u00f4ng \u0111\u1ea3o ng\u01b0\u1eddi ch\u01a1i y\u00eau th\u00edch v\u00e0 \u0111\u1ee9ng v\u1eedng t\u1eeb th\u1ecb tr\u01b0\u1eddng n\u01b0\u1edbc ngo\u00e0i l\u1ea7n ng\u01b0\u1eddi ch\u01a1i trong n\u01b0\u1edbc. D\u01b0\u1edbi \u0111\u00e2y l\u00e0 1 s\u1ed1 \u0111i\u1ec3m n\u1ed5i b\u1eadt \u0111\u00e3 thu h\u00fat ng\u01b0\u1eddi ch\u01a1i:<\/span><\/p>\n<h3><span style=\"font-family: verdana, geneva, sans-serif; color: #00aae7;\"><b>Giao Di\u1ec7n \u0110\u01b0\u1ee3c T\u1ed1i \u01afu H\u00f3a<\/b><\/span><\/h3>\n<p><span style=\"font-family: verdana, geneva, sans-serif;\"><b>PS99 <\/b>Giao di\u1ec7n \u0111\u01b0\u1ee3c thi\u1ebft k\u1ebf theo phong c\u00e1ch t\u1ed1i gi\u1ea3n v\u00e0 hi\u1ec7n \u0111\u1ea1i. B\u1ed1 c\u1ee5c \u0111\u01b0\u1ee3c x\u00e2y d\u1ef1ng d\u1ef1a tr\u00ean nghi\u00ean c\u1ee9u th\u00f3i quen c\u1ee7a game th\u1ee7 Vi\u1ec7t, gi\u00fap ng\u01b0\u1eddi d\u00f9ng truy c\u1eadp nhanh c\u00e1c ch\u1ee9c n\u0103ng quan tr\u1ecdng nh\u01b0: t\u1ea1o t\u00e0i kho\u1ea3n, \u0111\u0103ng nh\u1eadp, c\u00e1c danh m\u1ee5c game, qu\u1ea3n l\u00fd v\u00ed, live chat, \u01b0u \u0111\u00e3i h\u1ed9i vi\u00ean v\u00e0 li\u00ean k\u1ebft t\u1ea3i app.<\/span><\/p>\n<h3><span style=\"font-family: verdana, geneva, sans-serif; color: #00aae7;\"><b>B\u1ea3o M\u1eadt \u0110a T\u1ea7ng, B\u1ea3o V\u1ec7 Quy\u1ec1n Ri\u00eang T\u01b0 Tuy\u1ec7t \u0110\u1ed1i<\/b><\/span><\/h3>\n<p><span style=\"font-family: verdana, geneva, sans-serif;\">Ngay khi ti\u1ebfp nh\u1eadn d\u1eef li\u1ec7u, s\u00e2n ch\u01a1i k\u00edch ho\u1ea1t h\u1ec7 th\u1ed1ng m\u00e3 h\u00f3a\u00a0SSL 256-bit m\u1edbi nh\u1ea5t \u0111\u1ec3 qu\u1ea3n l\u00fd giao d\u1ecbch c\u0169ng nh\u01b0 th\u00f4ng tin. M\u1ecdi d\u1eef li\u1ec7u \u0111\u1ec1u \u0111\u1ee9ng sau nhi\u1ec1u b\u1ee9c t\u01b0\u1eddng l\u1eeda n\u00ean h\u1ed9i vi\u00ean lu\u00f4n an t\u00e2m kh\u00f4ng b\u1ecb r\u00f2 r\u1ec9. Ng\u01b0\u1eddi ch\u01a1i d\u1ec5 d\u00e0ng ki\u1ec3m so\u00e1t \u0111\u01b0\u1ee3c th\u00f4ng tin c\u00e1 nh\u00e2n n\u1eb1m trong v\u00f9ng an to\u00e0n.<\/span><\/p>\n<h3><span style=\"font-family: verdana, geneva, sans-serif; color: #00aae7;\"><b>Kho game PS99 \u0111ang cung c\u1ea5p hi\u1ec7n nay<\/b><\/span><\/h3>\n<p><span style=\"font-family: verdana, geneva, sans-serif;\">H\u1ec7 th\u1ed1ng\u00a0<strong>game PS99 com <\/strong>l\u00e0 m\u1ed9t trong nh\u1eefng \u0111i\u1ec3m n\u1ed5i b\u1eadt, cung c\u1ea5p 8 d\u1ecbch v\u1ee5 kh\u00e1c nhau v\u1edbi h\u01a1n 5.000 t\u1ef1a game trong th\u1eddi \u0111i\u1ec3m hi\u1ec7n t\u1ea1i. M\u1ed7i tr\u00f2 ch\u01a1i \u0111\u1ec1u \u0111\u01b0\u1ee3c ho\u00e0n thi\u1ec7n ch\u1ec9n chu v\u1ec1 m\u1eb7t h\u00ecnh \u1ea3nh l\u1eabn \u00e2m thanh. \u0110i\u1ec1u n\u00e0y mang \u0111\u1ebfn tr\u1ea3i nghi\u1ec7m ch\u01a1i ch\u00e2n th\u1ef1c v\u00e0 h\u1ee9ng kh\u1edfi cho th\u00e0nh vi\u00ean.<\/span><\/p>\n<ul>\n<li><span style=\"font-family: verdana, geneva, sans-serif;\">C\u00e1 c\u01b0\u1ee3c th\u1ec3 thao theo m\u00f9a gi\u1ea3i l\u1edbn trong v\u00e0 ngo\u00e0i n\u01b0\u1edbc<\/span><\/li>\n<li><span style=\"font-family: verdana, geneva, sans-serif;\">Game truy\u1ec1n th\u1ed1ng nh\u01b0 t\u00e0i x\u1ec9u, x\u00f3c \u0111\u0129a, l\u00f4 \u0111\u1ec1<\/span><\/li>\n<li><span style=\"font-family: verdana, geneva, sans-serif;\">Slot game \u0111a d\u1ea1ng, hi\u1ec7u \u1ee9ng b\u1eaft m\u1eaft<\/span><\/li>\n<li><span style=\"font-family: verdana, geneva, sans-serif;\">Casino tr\u1ef1c tuy\u1ebfn v\u1edbi dealer xinh \u0111\u1eb9p, livestream ch\u1ea5t l\u01b0\u1ee3ng HD<\/span><\/li>\n<li><span style=\"font-family: verdana, geneva, sans-serif;\">Mini game gi\u1ea3i tr\u00ed nhanh, ph\u00f9 h\u1ee3p m\u1ecdi khung gi\u1edd<\/span><\/li>\n<\/ul>\n\t\t\n<style>\n#text-3860949433 {\n  color: rgb(0,0,0);\n}\n#text-3860949433 > * {\n  color: rgb(0,0,0);\n}\n<\/style>\n\t<\/div>\n\t\n<div class=\"row\"  id=\"row-285170871\">\n\n\t<div id=\"col-125526163\" class=\"col small-12 large-12\"  >\n\t\t\t\t<div class=\"col-inner\"  >\n\t\t\t\n\t\t\t\n<div class=\"row row-dashed\"  id=\"row-782373759\">\n\n\t<div id=\"col-388757466\" class=\"col medium-4 small-12 large-4\"  >\n\t\t\t\t<div class=\"col-inner\"  >\n\t\t\t\n\t\t\t\n\t<div class=\"img has-hover x md-x lg-x y md-y lg-y\" id=\"image_1991958421\">\n\t\t\t\t\t\t\t\t<div class=\"img-inner dark\" >\n\t\t\t<img loading=\"lazy\" decoding=\"async\" width=\"325\" height=\"262\" src=\"https:\/\/ps99.dev\/wp-content\/uploads\/2025\/12\/casino.png\" class=\"attachment-original size-original\" alt=\"ps99\" srcset=\"https:\/\/ps99.dev\/wp-content\/uploads\/2025\/12\/casino.png 325w, https:\/\/ps99.dev\/wp-content\/uploads\/2025\/12\/casino-300x242.png 300w\" sizes=\"auto, (max-width: 325px) 100vw, 325px\" \/>\t\t\t\t\t\t\n\t\t\t\t\t<\/div>\n\t\t\t\t\t\t\t\t\n<style>\n#image_1991958421 {\n  width: 100%;\n}\n<\/style>\n\t<\/div>\n\t\n\t\t<\/div>\n\t\t\t\t\t<\/div>\n\n\t\n\n\t<div id=\"col-2033351717\" class=\"col medium-4 small-12 large-4\"  >\n\t\t\t\t<div class=\"col-inner\"  >\n\t\t\t\n\t\t\t\n\t<div class=\"img has-hover x md-x lg-x y md-y lg-y\" id=\"image_573792080\">\n\t\t\t\t\t\t\t\t<div class=\"img-inner dark\" >\n\t\t\t<img loading=\"lazy\" decoding=\"async\" width=\"300\" height=\"242\" src=\"https:\/\/ps99.dev\/wp-content\/uploads\/2025\/12\/jili.png\" class=\"attachment-original size-original\" alt=\"\" \/>\t\t\t\t\t\t\n\t\t\t\t\t<\/div>\n\t\t\t\t\t\t\t\t\n<style>\n#image_573792080 {\n  width: 100%;\n}\n<\/style>\n\t<\/div>\n\t\n\t\t<\/div>\n\t\t\t\t\t<\/div>\n\n\t\n\n\t<div id=\"col-741156358\" class=\"col medium-4 small-12 large-4\"  >\n\t\t\t\t<div class=\"col-inner\"  >\n\t\t\t\n\t\t\t\n\t<div class=\"img has-hover x md-x lg-x y md-y lg-y\" id=\"image_1990443939\">\n\t\t\t\t\t\t\t\t<div class=\"img-inner dark\" >\n\t\t\t<img loading=\"lazy\" decoding=\"async\" width=\"325\" height=\"262\" src=\"https:\/\/ps99.dev\/wp-content\/uploads\/2025\/12\/jdb.png\" class=\"attachment-original size-original\" alt=\"ps99\" srcset=\"https:\/\/ps99.dev\/wp-content\/uploads\/2025\/12\/jdb.png 325w, https:\/\/ps99.dev\/wp-content\/uploads\/2025\/12\/jdb-300x242.png 300w\" sizes=\"auto, (max-width: 325px) 100vw, 325px\" \/>\t\t\t\t\t\t\n\t\t\t\t\t<\/div>\n\t\t\t\t\t\t\t\t\n<style>\n#image_1990443939 {\n  width: 100%;\n}\n<\/style>\n\t<\/div>\n\t\n\t\t<\/div>\n\t\t\t\t\t<\/div>\n\n\t\n\n\t<div id=\"col-343857402\" class=\"col medium-4 small-12 large-4\"  >\n\t\t\t\t<div class=\"col-inner\"  >\n\t\t\t\n\t\t\t\n\t<div class=\"img has-hover x md-x lg-x y md-y lg-y\" id=\"image_1881166122\">\n\t\t\t\t\t\t\t\t<div class=\"img-inner dark\" >\n\t\t\t<img loading=\"lazy\" decoding=\"async\" width=\"325\" height=\"262\" src=\"https:\/\/ps99.dev\/wp-content\/uploads\/2025\/12\/crsp.png\" class=\"attachment-original size-original\" alt=\"\" srcset=\"https:\/\/ps99.dev\/wp-content\/uploads\/2025\/12\/crsp.png 325w, https:\/\/ps99.dev\/wp-content\/uploads\/2025\/12\/crsp-300x242.png 300w\" sizes=\"auto, (max-width: 325px) 100vw, 325px\" \/>\t\t\t\t\t\t\n\t\t\t\t\t<\/div>\n\t\t\t\t\t\t\t\t\n<style>\n#image_1881166122 {\n  width: 100%;\n}\n<\/style>\n\t<\/div>\n\t\n\t\t<\/div>\n\t\t\t\t\t<\/div>\n\n\t\n\n\t<div id=\"col-1402441847\" class=\"col medium-4 small-12 large-4\"  >\n\t\t\t\t<div class=\"col-inner\"  >\n\t\t\t\n\t\t\t\n\t<div class=\"img has-hover x md-x lg-x y md-y lg-y\" id=\"image_461592567\">\n\t\t\t\t\t\t\t\t<div class=\"img-inner dark\" >\n\t\t\t<img loading=\"lazy\" decoding=\"async\" width=\"325\" height=\"262\" src=\"https:\/\/ps99.dev\/wp-content\/uploads\/2025\/12\/slotpg.png\" class=\"attachment-original size-original\" alt=\"\" srcset=\"https:\/\/ps99.dev\/wp-content\/uploads\/2025\/12\/slotpg.png 325w, https:\/\/ps99.dev\/wp-content\/uploads\/2025\/12\/slotpg-300x242.png 300w\" sizes=\"auto, (max-width: 325px) 100vw, 325px\" \/>\t\t\t\t\t\t\n\t\t\t\t\t<\/div>\n\t\t\t\t\t\t\t\t\n<style>\n#image_461592567 {\n  width: 100%;\n}\n<\/style>\n\t<\/div>\n\t\n\t\t<\/div>\n\t\t\t\t\t<\/div>\n\n\t\n\n\t<div id=\"col-1612266682\" class=\"col medium-4 small-12 large-4\"  >\n\t\t\t\t<div class=\"col-inner\"  >\n\t\t\t\n\t\t\t\n\t<div class=\"img has-hover x md-x lg-x y md-y lg-y\" id=\"image_1951319082\">\n\t\t\t\t\t\t\t\t<div class=\"img-inner dark\" >\n\t\t\t<img loading=\"lazy\" decoding=\"async\" width=\"325\" height=\"262\" src=\"https:\/\/ps99.dev\/wp-content\/uploads\/2025\/12\/v8gb.png\" class=\"attachment-original size-original\" alt=\"ps99\" srcset=\"https:\/\/ps99.dev\/wp-content\/uploads\/2025\/12\/v8gb.png 325w, https:\/\/ps99.dev\/wp-content\/uploads\/2025\/12\/v8gb-300x242.png 300w\" sizes=\"auto, (max-width: 325px) 100vw, 325px\" \/>\t\t\t\t\t\t\n\t\t\t\t\t<\/div>\n\t\t\t\t\t\t\t\t\n<style>\n#image_1951319082 {\n  width: 100%;\n}\n<\/style>\n\t<\/div>\n\t\n\t\t<\/div>\n\t\t\t\t\t<\/div>\n\n\t\n<\/div>\n\t\t<\/div>\n\t\t\t\t\t<\/div>\n\n\t\n<\/div>\n\t<div id=\"text-2667889691\" class=\"text\">\n\t\t\n<h2><strong><span style=\"font-family: verdana, geneva, sans-serif; color: #00aae7;\">Giao d\u1ecbch si\u00eau t\u1ed1c v\u00e0 an to\u00e0n<\/span><\/strong><\/h2>\n<p><span style=\"font-family: verdana, geneva, sans-serif;\">Ph\u01b0\u01a1ng th\u1ee9c giao d\u1ecbch da d\u1ea1ng nh\u01b0: chuy\u1ec3n kho\u1ea3n, v\u00ed \u0111i\u1ec7n t\u1eed, th\u1ec3 c\u00e0o, n\u1ea1p USDT\u00a0 v\u00e0 QR PAY . Quy tr\u00ecnh giao d\u1ecbch nghi\u1ec7m ng\u1eb7t t\u1eeb nh\u1eadn l\u1ec7nh v\u00e0 \u0111\u1ed1i chi\u1ebfu danh t\u00ednh v\u00e0 x\u00e1c nh\u1eadn ho\u00e0n t\u1ea5t. Th\u1eddi gian thanh to\u00e1n trung b\u00ecnh t\u1eeb 5-10 ph\u00fat v\u00e0 kh\u00f4ng ph\u00e1t sinh ph\u00ed \u1ea9n n\u00e0o kh\u00e1c<\/span><\/p>\n<h3><span style=\"color: #00aae7;\"><strong><span style=\"font-family: verdana, geneva, sans-serif;\">Khuy\u1ebfn m\u00e3i si\u00eau h\u1ea5p d\u1eabn\u00a0<\/span><\/strong><\/span><\/h3>\n<p><span style=\"font-family: verdana, geneva, sans-serif;\">T\u1ea1i <strong>PS99.com<\/strong>, ng\u01b0\u1eddi ch\u01a1i kh\u00f4ng ch\u1ec9 \u0111\u01b0\u1ee3c tr\u1ea3i nghi\u1ec7m th\u1ebf gi\u1edbi c\u00e1 c\u01b0\u1ee3c \u0111\u1ec9nh cao m\u00e0 c\u00f2n nh\u1eadn h\u00e0ng lo\u1ea1t \u01b0u \u0111\u00e3i h\u1ea5p d\u1eabn m\u1ed7i ng\u00e0y. T\u1eeb ti\u1ec1n th\u01b0\u1edfng n\u1ea1p, b\u1ea3o hi\u1ec3m c\u01b0\u1ee3c th\u1eafng &#8211; thua, qu\u00e0 VIP \u0111\u1eb7c quy\u1ec1n, \u0111\u1ebfn c\u01a1n m\u01b0a l\u00ec x\u00ec h\u00e0ng ng\u00e0y \u2013 t\u1ea5t c\u1ea3 \u0111\u1ec1u mang \u0111\u1ebfn c\u01a1 h\u1ed9i s\u0103n th\u01b0\u1edfng gi\u00e1 tr\u1ecb l\u00ean \u0111\u1ebfn h\u00e0ng ch\u1ee5c tri\u1ec7u \u0111\u1ed3ng. \u0110\u00e2y ch\u00ednh l\u00e0 \u0111i\u1ec3m c\u1ed9ng gi\u00fap s\u00e2n ch\u01a1i tr\u1edf th\u00e0nh l\u1ef1a ch\u1ecdn h\u00e0ng \u0111\u1ea7u cho m\u1ecdi ng\u01b0\u1eddi ch\u01a1i.<\/span><\/p>\n<h3><strong><span style=\"font-family: verdana, geneva, sans-serif; color: #00aae7;\">Ch\u0103m s\u00f3c kh\u00e1ch h\u00e0ng t\u1eadn t\u00e2m\u00a0<\/span><\/strong><\/h3>\n<p><span style=\"font-family: verdana, geneva, sans-serif;\">\u0110\u1ed9i ng\u0169 chuy\u00ean vi\u00ean h\u1ed7 tr\u1ee3 chuy\u00ean nghi\u1ec7p lu\u00f4n s\u0103n s\u00e0ng ph\u1ee5c v\u1ee5 ng\u01b0\u1eddi ch\u01a1i b\u1ea5t c\u1ee9 l\u00fac n\u00e0o, \u0111\u1ea3m b\u1ea3o ng\u01b0\u1eddi ch\u01a1i \u0111\u01b0\u1ee3c gi\u1ea3i quy\u1ebft nhanh ch\u00f3ng m\u1ecdi v\u1ea5n \u0111\u1ec1 v\u00e0 th\u1eafc m\u1eafc\u00a0<\/span><\/p>\n<h2><span style=\"font-family: verdana, geneva, sans-serif; color: #00aae7;\"><strong>K\u1ebft lu\u1eadn<\/strong><\/span><\/h2>\n<p><span style=\"font-family: verdana, geneva, sans-serif;\"><b>PS99 <\/b>l\u00e0 m\u1ed9t n\u1ec1n t\u1ea3ng c\u00e1 c\u01b0\u1ee3c tr\u1ef1c tuy\u1ebfn uy t\u00edn, n\u1ed5i b\u1eadt v\u1edbi t\u1ef7 l\u1ec7 c\u01b0\u1ee3c h\u1ea5p d\u1eabn v\u00e0 h\u1ec7 th\u1ed1ng b\u1ea3o m\u1eadt th\u00f4ng tin v\u01b0\u1ee3t tr\u1ed9i. Ch\u00fang t\u00f4i cam k\u1ebft mang \u0111\u1ebfn cho ng\u01b0\u1eddi ch\u01a1i nh\u1eefng tr\u1ea3i nghi\u1ec7m c\u00e1 c\u01b0\u1ee3c tuy\u1ec7t v\u1eddi, v\u1edbi giao di\u1ec7n d\u1ec5 s\u1eed d\u1ee5ng v\u00e0 d\u1ecbch v\u1ee5 kh\u00e1ch h\u00e0ng chuy\u00ean nghi\u1ec7p, lu\u00f4n s\u1eb5n s\u00e0ng h\u1ed7 tr\u1ee3 v\u00e0 \u0111\u00e1p \u1ee9ng m\u1ecdi y\u00eau c\u1ea7u c\u1ee7a b\u1ea1n m\u1ed9t c\u00e1ch nhanh ch\u00f3ng v\u00e0 hi\u1ec7u qu\u1ea3.<\/span><br \/>\n\t\t\n<style>\n#text-2667889691 {\n  color: rgb(0,0,0);\n}\n#text-2667889691 > * {\n  color: rgb(0,0,0);\n}\n<\/style>\n\t<\/div>\n\t\n\t\t<\/div>\n\t\t\t\t\t<\/div>\n\n\t\n<\/div>\n","protected":false},"excerpt":{"rendered":"","protected":false},"author":1,"featured_media":6,"parent":0,"menu_order":0,"comment_status":"closed","ping_status":"closed","template":"","meta":{"footnotes":""},"class_list":["post-24","page","type-page","status-publish","has-post-thumbnail","hentry"],"_links":{"self":[{"href":"https:\/\/ps99.dev\/index.php?rest_route=\/wp\/v2\/pages\/24","targetHints":{"allow":["GET"]}}],"collection":[{"href":"https:\/\/ps99.dev\/index.php?rest_route=\/wp\/v2\/pages"}],"about":[{"href":"https:\/\/ps99.dev\/index.php?rest_route=\/wp\/v2\/types\/page"}],"author":[{"embeddable":true,"href":"https:\/\/ps99.dev\/index.php?rest_route=\/wp\/v2\/users\/1"}],"replies":[{"embeddable":true,"href":"https:\/\/ps99.dev\/index.php?rest_route=%2Fwp%2Fv2%2Fcomments&post=24"}],"version-history":[{"count":20,"href":"https:\/\/ps99.dev\/index.php?rest_route=\/wp\/v2\/pages\/24\/revisions"}],"predecessor-version":[{"id":78,"href":"https:\/\/ps99.dev\/index.php?rest_route=\/wp\/v2\/pages\/24\/revisions\/78"}],"wp:featuredmedia":[{"embeddable":true,"href":"https:\/\/ps99.dev\/index.php?rest_route=\/wp\/v2\/media\/6"}],"wp:attachment":[{"href":"https:\/\/ps99.dev\/index.php?rest_route=%2Fwp%2Fv2%2Fmedia&parent=24"}],"curies":[{"name":"wp","href":"https:\/\/api.w.org\/{rel}","templated":true}]}}